{"id":2728,"date":"2019-08-02T08:35:56","date_gmt":"2019-08-02T08:35:56","guid":{"rendered":"http:\/\/www.lpgsystems.com\/event\/?page_id=2728"},"modified":"2019-09-26T13:36:01","modified_gmt":"2019-09-26T13:36:01","slug":"invitation-nimes-les-ateliers-pratiques-de-la-kinesitherapie","status":"publish","type":"page","link":"https:\/\/www.lpgsystems.com\/event\/invitation-nimes-les-ateliers-pratiques-de-la-kinesitherapie\/","title":{"rendered":"Invitation N\u00eemes &#8211; Les Ateliers pratiques de la kin\u00e9sith\u00e9rapie"},"content":{"rendered":"","protected":false},"excerpt":{"rendered":"","protected":false},"author":9,"featured_media":0,"parent":0,"menu_order":0,"comment_status":"closed","ping_status":"closed","template":"","meta":[],"acf":[],"yoast_head":"<!-- This site is optimized with the Yoast SEO plugin v18.4.1 - https:\/\/yoast.com\/wordpress\/plugins\/seo\/ -->\n<title>Invitation N\u00eemes - Les Ateliers pratiques de la kin\u00e9sith\u00e9rapie - Ev\u00e8nements - LPG<\/title>\n<meta name=\"robots\" content=\"index, follow, max-snippet:-1, max-image-preview:large, max-video-preview:-1\" \/>\n<link rel=\"canonical\" href=\"https:\/\/www.lpgsystems.com\/event\/invitation-nimes-les-ateliers-pratiques-de-la-kinesitherapie\/\" \/>\n<meta property=\"og:locale\" content=\"fr_FR\" \/>\n<meta property=\"og:type\" content=\"article\" \/>\n<meta property=\"og:title\" content=\"Invitation N\u00eemes - Les Ateliers pratiques de la kin\u00e9sith\u00e9rapie - Ev\u00e8nements - LPG\" \/>\n<meta property=\"og:url\" content=\"https:\/\/www.lpgsystems.com\/event\/invitation-nimes-les-ateliers-pratiques-de-la-kinesitherapie\/\" \/>\n<meta property=\"og:site_name\" content=\"Ev\u00e8nements - LPG\" \/>\n<meta property=\"article:modified_time\" content=\"2019-09-26T13:36:01+00:00\" \/>\n<meta name=\"twitter:card\" content=\"summary\" \/>\n<script type=\"application\/ld+json\" class=\"yoast-schema-graph\">{\"@context\":\"https:\/\/schema.org\",\"@graph\":[{\"@type\":\"WebSite\",\"@id\":\"https:\/\/www.lpgsystems.com\/event\/#website\",\"url\":\"https:\/\/www.lpgsystems.com\/event\/\",\"name\":\"Ev\u00e8nements - LPG\",\"description\":\"\",\"potentialAction\":[{\"@type\":\"SearchAction\",\"target\":{\"@type\":\"EntryPoint\",\"urlTemplate\":\"https:\/\/www.lpgsystems.com\/event\/?s={search_term_string}\"},\"query-input\":\"required name=search_term_string\"}],\"inLanguage\":\"fr-FR\"},{\"@type\":\"WebPage\",\"@id\":\"https:\/\/www.lpgsystems.com\/event\/invitation-nimes-les-ateliers-pratiques-de-la-kinesitherapie\/#webpage\",\"url\":\"https:\/\/www.lpgsystems.com\/event\/invitation-nimes-les-ateliers-pratiques-de-la-kinesitherapie\/\",\"name\":\"Invitation N\u00eemes - Les Ateliers pratiques de la kin\u00e9sith\u00e9rapie - Ev\u00e8nements - LPG\",\"isPartOf\":{\"@id\":\"https:\/\/www.lpgsystems.com\/event\/#website\"},\"datePublished\":\"2019-08-02T08:35:56+00:00\",\"dateModified\":\"2019-09-26T13:36:01+00:00\",\"breadcrumb\":{\"@id\":\"https:\/\/www.lpgsystems.com\/event\/invitation-nimes-les-ateliers-pratiques-de-la-kinesitherapie\/#breadcrumb\"},\"inLanguage\":\"fr-FR\",\"potentialAction\":[{\"@type\":\"ReadAction\",\"target\":[\"https:\/\/www.lpgsystems.com\/event\/invitation-nimes-les-ateliers-pratiques-de-la-kinesitherapie\/\"]}]},{\"@type\":\"BreadcrumbList\",\"@id\":\"https:\/\/www.lpgsystems.com\/event\/invitation-nimes-les-ateliers-pratiques-de-la-kinesitherapie\/#breadcrumb\",\"itemListElement\":[{\"@type\":\"ListItem\",\"position\":1,\"name\":\"Accueil\",\"item\":\"https:\/\/www.lpgsystems.com\/event\/\"},{\"@type\":\"ListItem\",\"position\":2,\"name\":\"Invitation N\u00eemes &#8211; Les Ateliers pratiques de la kin\u00e9sith\u00e9rapie\"}]}]}<\/script>\n<!-- \/ Yoast SEO plugin. -->","yoast_head_json":{"title":"Invitation N\u00eemes - Les Ateliers pratiques de la kin\u00e9sith\u00e9rapie - Ev\u00e8nements - LPG","robots":{"index":"index","follow":"follow","max-snippet":"max-snippet:-1","max-image-preview":"max-image-preview:large","max-video-preview":"max-video-preview:-1"},"canonical":"https:\/\/www.lpgsystems.com\/event\/invitation-nimes-les-ateliers-pratiques-de-la-kinesitherapie\/","og_locale":"fr_FR","og_type":"article","og_title":"Invitation N\u00eemes - Les Ateliers pratiques de la kin\u00e9sith\u00e9rapie - Ev\u00e8nements - LPG","og_url":"https:\/\/www.lpgsystems.com\/event\/invitation-nimes-les-ateliers-pratiques-de-la-kinesitherapie\/","og_site_name":"Ev\u00e8nements - LPG","article_modified_time":"2019-09-26T13:36:01+00:00","twitter_card":"summary","schema":{"@context":"https:\/\/schema.org","@graph":[{"@type":"WebSite","@id":"https:\/\/www.lpgsystems.com\/event\/#website","url":"https:\/\/www.lpgsystems.com\/event\/","name":"Ev\u00e8nements - LPG","description":"","potentialAction":[{"@type":"SearchAction","target":{"@type":"EntryPoint","urlTemplate":"https:\/\/www.lpgsystems.com\/event\/?s={search_term_string}"},"query-input":"required name=search_term_string"}],"inLanguage":"fr-FR"},{"@type":"WebPage","@id":"https:\/\/www.lpgsystems.com\/event\/invitation-nimes-les-ateliers-pratiques-de-la-kinesitherapie\/#webpage","url":"https:\/\/www.lpgsystems.com\/event\/invitation-nimes-les-ateliers-pratiques-de-la-kinesitherapie\/","name":"Invitation N\u00eemes - Les Ateliers pratiques de la kin\u00e9sith\u00e9rapie - Ev\u00e8nements - LPG","isPartOf":{"@id":"https:\/\/www.lpgsystems.com\/event\/#website"},"datePublished":"2019-08-02T08:35:56+00:00","dateModified":"2019-09-26T13:36:01+00:00","breadcrumb":{"@id":"https:\/\/www.lpgsystems.com\/event\/invitation-nimes-les-ateliers-pratiques-de-la-kinesitherapie\/#breadcrumb"},"inLanguage":"fr-FR","potentialAction":[{"@type":"ReadAction","target":["https:\/\/www.lpgsystems.com\/event\/invitation-nimes-les-ateliers-pratiques-de-la-kinesitherapie\/"]}]},{"@type":"BreadcrumbList","@id":"https:\/\/www.lpgsystems.com\/event\/invitation-nimes-les-ateliers-pratiques-de-la-kinesitherapie\/#breadcrumb","itemListElement":[{"@type":"ListItem","position":1,"name":"Accueil","item":"https:\/\/www.lpgsystems.com\/event\/"},{"@type":"ListItem","position":2,"name":"Invitation N\u00eemes &#8211; Les Ateliers pratiques de la kin\u00e9sith\u00e9rapie"}]}]}},"_links":{"self":[{"href":"https:\/\/www.lpgsystems.com\/event\/wp-json\/wp\/v2\/pages\/2728"}],"collection":[{"href":"https:\/\/www.lpgsystems.com\/event\/wp-json\/wp\/v2\/pages"}],"about":[{"href":"https:\/\/www.lpgsystems.com\/event\/wp-json\/wp\/v2\/types\/page"}],"author":[{"embeddable":true,"href":"https:\/\/www.lpgsystems.com\/event\/wp-json\/wp\/v2\/users\/9"}],"replies":[{"embeddable":true,"href":"https:\/\/www.lpgsystems.com\/event\/wp-json\/wp\/v2\/comments?post=2728"}],"version-history":[{"count":25,"href":"https:\/\/www.lpgsystems.com\/event\/wp-json\/wp\/v2\/pages\/2728\/revisions"}],"predecessor-version":[{"id":2782,"href":"https:\/\/www.lpgsystems.com\/event\/wp-json\/wp\/v2\/pages\/2728\/revisions\/2782"}],"wp:attachment":[{"href":"https:\/\/www.lpgsystems.com\/event\/wp-json\/wp\/v2\/media?parent=2728"}],"curies":[{"name":"wp","href":"https:\/\/api.w.org\/{rel}","templated":true}]}}